{"id":10565,"date":"2021-05-17T13:21:36","date_gmt":"2021-05-17T11:21:36","guid":{"rendered":"https:\/\/dcgi.profi.ci\/?page_id=10565"},"modified":"2021-05-17T13:21:41","modified_gmt":"2021-05-17T11:21:41","slug":"contacts","status":"publish","type":"page","link":"https:\/\/dcgi.fel.cvut.cz\/en\/contacts\/","title":{"rendered":"Contacts"},"content":{"rendered":"<div class=\"component component-contact-info\">\n    <div class=\"container\">\n    <div class=\"row mb-4\">\n        <div class=\"col-lg-3 mb-4\">\n          <div class=\"text-primary mb-4\"><p>Karlovo n\u00e1m\u011bst\u00ed 13<br>\n121 35 Praha&nbsp;2<br>\nCzech republic<\/p>\n<\/div>\n                      <div>fax <a href=\"tel:+420224357556\">+420 2 2435 7556<\/a><\/div>\n                  <\/div>\n      <div class=\"col-md-6 col-lg-3 mb-4\">\n                  <a href=\"tel:+420224357557\" class=\"btn btn-white\" target=\"_self\">\n  +420 2 2435 7557\n<\/a>\n\n\n\n              <\/div>\n      <div class=\"col-md-6 col-lg-3 mb-4\">\n                  <a href=\"mailto:office@dcgi.fel.cvut.cz\" class=\"btn btn-white\" target=\"_self\">\n  office@dcgi.fel.cvut.cz\n<\/a>\n\n\n\n              <\/div>\n    <\/div>\n  <\/div>\n  <iframe src=\"https:\/\/www.google.com\/maps\/embed?pb=!1m18!1m12!1m3!1d2560.550376440536!2d14.416557315717878!3d50.07598157942543!2m3!1f0!2f0!3f0!3m2!1i1024!2i768!4f13.1!3m3!1m2!1s0x470b94f40aa1ac15%3A0x618dc17441af9a7f!2zS2FybG92byBuw6FtLiAxMywgMTIwIDAwIE5vdsOpIE3Em3N0bywgxIxlc2tv!5e0!3m2!1scs!2scs!4v1615415349248!5m2!1scs!2scs\" style=\"border:0;\" allowfullscreen=\"\" loading=\"lazy\"><\/iframe>\n<\/div>\n\n\n<div class=\"component component-contact-people bg-light py-5\">\n    <div class=\"container\">\n    <h2>Contacts person <\/h2>\n          <div class=\"row\">\n                  <div class=\"col-md-3\">\n            <ul class=\"list-unstyled mb-0\">\n                              <li>\n                  <a href=\"https:\/\/dcgi.fel.cvut.cz\/en\/people\/ambrozd\/\" class=\"py-1 d-inline-block\">Ambro\u017e David<\/a>\n                <\/li>\n                              <li>\n                  <a href=\"https:\/\/dcgi.fel.cvut.cz\/en\/people\/benesvan\/\" class=\"py-1 d-inline-block\">Bene\u0161ov\u00e1 Vanda<\/a>\n                <\/li>\n                              <li>\n                  <a href=\"https:\/\/dcgi.fel.cvut.cz\/en\/people\/berka\/\" class=\"py-1 d-inline-block\">Berka Roman<\/a>\n                <\/li>\n                              <li>\n                  <a href=\"https:\/\/dcgi.fel.cvut.cz\/en\/people\/bittner\/\" class=\"py-1 d-inline-block\">Bittner Ji\u0159\u00ed<\/a>\n                <\/li>\n                              <li>\n                  <a href=\"https:\/\/dcgi.fel.cvut.cz\/en\/people\/cmolikl\/\" class=\"py-1 d-inline-block\">\u010cmol\u00edk Ladislav<\/a>\n                <\/li>\n                              <li>\n                  <a href=\"https:\/\/dcgi.fel.cvut.cz\/en\/people\/felkepet\/\" class=\"py-1 d-inline-block\">Felkel Petr<\/a>\n                <\/li>\n                              <li>\n                  <a href=\"https:\/\/dcgi.fel.cvut.cz\/en\/people\/francjak\/\" class=\"py-1 d-inline-block\">Franc Jakub<\/a>\n                <\/li>\n                              <li>\n                  <a href=\"https:\/\/dcgi.fel.cvut.cz\/en\/people\/havlito5\/\" class=\"py-1 d-inline-block\">Havl\u00edk Tom\u00e1\u0161<\/a>\n                <\/li>\n                              <li>\n                  <a href=\"https:\/\/dcgi.fel.cvut.cz\/en\/people\/havravla\/\" class=\"py-1 d-inline-block\">Havran Vlastimil<\/a>\n                <\/li>\n                              <li>\n                  <a href=\"https:\/\/dcgi.fel.cvut.cz\/en\/people\/hendrij\/\" class=\"py-1 d-inline-block\">Hendrich Jakub<\/a>\n                <\/li>\n                              <li>\n                  <a href=\"https:\/\/dcgi.fel.cvut.cz\/en\/people\/hlavoter\/\" class=\"py-1 d-inline-block\">Hlavov\u00e1 Tereza<\/a>\n                <\/li>\n                          <\/ul>\n          <\/div>\n                  <div class=\"col-md-3\">\n            <ul class=\"list-unstyled mb-0\">\n                              <li>\n                  <a href=\"https:\/\/dcgi.fel.cvut.cz\/en\/people\/horackat\/\" class=\"py-1 d-inline-block\">Hor\u00e1\u010dkov\u00e1 Kate\u0159ina<\/a>\n                <\/li>\n                              <li>\n                  <a href=\"https:\/\/dcgi.fel.cvut.cz\/en\/people\/hores\/\" class=\"py-1 d-inline-block\">Hore\u0161ovsk\u00e1 Marcela<\/a>\n                <\/li>\n                              <li>\n                  <a href=\"https:\/\/dcgi.fel.cvut.cz\/en\/people\/husapave\/\" class=\"py-1 d-inline-block\">Husa Pavel<\/a>\n                <\/li>\n                              <li>\n                  <a href=\"https:\/\/dcgi.fel.cvut.cz\/en\/people\/kacerma2\/\" class=\"py-1 d-inline-block\">K\u00e1\u010derik Martin<\/a>\n                <\/li>\n                              <li>\n                  <a href=\"https:\/\/dcgi.fel.cvut.cz\/en\/people\/xklima\/\" class=\"py-1 d-inline-block\">Kl\u00edma Martin<\/a>\n                <\/li>\n                              <li>\n                  <a href=\"https:\/\/dcgi.fel.cvut.cz\/en\/people\/koudebar\/\" class=\"py-1 d-inline-block\">Koudelkov\u00e1 Barbora<\/a>\n                <\/li>\n                              <li>\n                  <a href=\"https:\/\/dcgi.fel.cvut.cz\/en\/people\/kubr\/\" class=\"py-1 d-inline-block\">Kubr Jan<\/a>\n                <\/li>\n                              <li>\n                  <a href=\"https:\/\/dcgi.fel.cvut.cz\/en\/people\/macikmir\/\" class=\"py-1 d-inline-block\">Mac\u00edk Miroslav<\/a>\n                <\/li>\n                              <li>\n                  <a href=\"https:\/\/dcgi.fel.cvut.cz\/en\/people\/malyi1\/\" class=\"py-1 d-inline-block\">Mal\u00fd Ivo<\/a>\n                <\/li>\n                              <li>\n                  <a href=\"https:\/\/dcgi.fel.cvut.cz\/en\/people\/xmikovec\/\" class=\"py-1 d-inline-block\">M\u00edkovec Zden\u011bk<\/a>\n                <\/li>\n                              <li>\n                  <a href=\"https:\/\/dcgi.fel.cvut.cz\/en\/people\/mudrama1\/\" class=\"py-1 d-inline-block\">Mudra Martin<\/a>\n                <\/li>\n                          <\/ul>\n          <\/div>\n                  <div class=\"col-md-3\">\n            <ul class=\"list-unstyled mb-0\">\n                              <li>\n                  <a href=\"https:\/\/dcgi.fel.cvut.cz\/en\/people\/pavlova1\/\" class=\"py-1 d-inline-block\">Pavlovec V\u00e1clav<\/a>\n                <\/li>\n                              <li>\n                  <a href=\"https:\/\/dcgi.fel.cvut.cz\/en\/people\/pospiad2\/\" class=\"py-1 d-inline-block\">Posp\u00ed\u0161il Adam<\/a>\n                <\/li>\n                              <li>\n                  <a href=\"https:\/\/dcgi.fel.cvut.cz\/en\/people\/pradoiva\/\" class=\"py-1 d-inline-block\">P\u0159\u00e1dov\u00e1 Ivana<\/a>\n                <\/li>\n                              <li>\n                  <a href=\"https:\/\/dcgi.fel.cvut.cz\/en\/people\/radavoj1\/\" class=\"py-1 d-inline-block\">Radakulan Vojt\u011bch<\/a>\n                <\/li>\n                              <li>\n                  <a href=\"https:\/\/dcgi.fel.cvut.cz\/en\/people\/sedlad1\/\" class=\"py-1 d-inline-block\">Sedl\u00e1\u010dek David<\/a>\n                <\/li>\n                              <li>\n                  <a href=\"https:\/\/dcgi.fel.cvut.cz\/en\/people\/slabyon3\/\" class=\"py-1 d-inline-block\">Slab\u00fd Ond\u0159ej<\/a>\n                <\/li>\n                              <li>\n                  <a href=\"https:\/\/dcgi.fel.cvut.cz\/en\/people\/slavik\/\" class=\"py-1 d-inline-block\">Slav\u00edk Pavel<\/a>\n                <\/li>\n                              <li>\n                  <a href=\"https:\/\/dcgi.fel.cvut.cz\/en\/people\/sloup\/\" class=\"py-1 d-inline-block\">Sloup Jaroslav<\/a>\n                <\/li>\n                              <li>\n                  <a href=\"https:\/\/dcgi.fel.cvut.cz\/en\/people\/sochosar\/\" class=\"py-1 d-inline-block\">Sochorov\u00e1 \u0160\u00e1rka<\/a>\n                <\/li>\n                              <li>\n                  <a href=\"https:\/\/dcgi.fel.cvut.cz\/en\/people\/svobol18\/\" class=\"py-1 d-inline-block\">Svobodov\u00e1 Lucie<\/a>\n                <\/li>\n                              <li>\n                  <a href=\"https:\/\/dcgi.fel.cvut.cz\/en\/people\/sykorad\/\" class=\"py-1 d-inline-block\">S\u00fdkora Daniel<\/a>\n                <\/li>\n                          <\/ul>\n          <\/div>\n                  <div class=\"col-md-3\">\n            <ul class=\"list-unstyled mb-0\">\n                              <li>\n                  <a href=\"https:\/\/dcgi.fel.cvut.cz\/en\/people\/vlachzd1\/\" class=\"py-1 d-inline-block\">Vlach Zden\u011bk<\/a>\n                <\/li>\n                              <li>\n                  <a href=\"https:\/\/dcgi.fel.cvut.cz\/en\/people\/volfova\/\" class=\"py-1 d-inline-block\">Volfov\u00e1 Marie<\/a>\n                <\/li>\n                              <li>\n                  <a href=\"https:\/\/dcgi.fel.cvut.cz\/en\/people\/vratil\/\" class=\"py-1 d-inline-block\">Vr\u00e1til Martin<\/a>\n                <\/li>\n                              <li>\n                  <a href=\"https:\/\/dcgi.fel.cvut.cz\/en\/people\/zara\/\" class=\"py-1 d-inline-block\">\u017d\u00e1ra Ji\u0159\u00ed<\/a>\n                <\/li>\n                              <li>\n                  <a href=\"https:\/\/dcgi.fel.cvut.cz\/en\/people\/zaraondr\/\" class=\"py-1 d-inline-block\">\u017d\u00e1ra Ond\u0159ej<\/a>\n                <\/li>\n                              <li>\n                  <a href=\"https:\/\/dcgi.fel.cvut.cz\/en\/people\/zdarszuz\/\" class=\"py-1 d-inline-block\">\u017d\u010f\u00e1rsk\u00e1 Zuzana<\/a>\n                <\/li>\n                          <\/ul>\n          <\/div>\n              <\/div>\n      <\/div>\n<\/div>\n\n\n<div class=\"component component-contact-plan py-5\">\n    <div class=\"container\">\n    <h2 id=\"component-contact-plan\">Floor plan <\/h2>\n    <div class=\"row\">\n              <div class=\"col-md-6 mb-4\">\n                                <img decoding=\"async\" src=\"https:\/\/dcgi.fel.cvut.cz\/wp-content\/uploads\/plandcgi-3p.png\" class=\"img-fluid\" loading=\"lazy\" alt=\"\">\n                  <\/div>\n              <div class=\"col-md-6 mb-4\">\n                                <img decoding=\"async\" src=\"https:\/\/dcgi.fel.cvut.cz\/wp-content\/uploads\/plandcgi-4p.png\" class=\"img-fluid\" loading=\"lazy\" alt=\"\">\n                  <\/div>\n          <\/div>\n  <\/div>\n <\/div>\n","protected":false},"excerpt":{"rendered":"","protected":false},"author":4,"featured_media":0,"parent":0,"menu_order":0,"comment_status":"closed","ping_status":"closed","template":"","meta":{"_acf_changed":false,"footnotes":""},"class_list":["post-10565","page","type-page","status-publish","hentry"],"acf":[],"aioseo_notices":[],"_links":{"self":[{"href":"https:\/\/dcgi.fel.cvut.cz\/en\/wp-json\/wp\/v2\/pages\/10565"}],"collection":[{"href":"https:\/\/dcgi.fel.cvut.cz\/en\/wp-json\/wp\/v2\/pages"}],"about":[{"href":"https:\/\/dcgi.fel.cvut.cz\/en\/wp-json\/wp\/v2\/types\/page"}],"author":[{"embeddable":true,"href":"https:\/\/dcgi.fel.cvut.cz\/en\/wp-json\/wp\/v2\/users\/4"}],"replies":[{"embeddable":true,"href":"https:\/\/dcgi.fel.cvut.cz\/en\/wp-json\/wp\/v2\/comments?post=10565"}],"version-history":[{"count":0,"href":"https:\/\/dcgi.fel.cvut.cz\/en\/wp-json\/wp\/v2\/pages\/10565\/revisions"}],"wp:attachment":[{"href":"https:\/\/dcgi.fel.cvut.cz\/en\/wp-json\/wp\/v2\/media?parent=10565"}],"curies":[{"name":"wp","href":"https:\/\/api.w.org\/{rel}","templated":true}]}}