{"id":10573,"date":"2021-05-17T13:28:08","date_gmt":"2021-05-17T11:28:08","guid":{"rendered":"https:\/\/dcgi.profi.ci\/?page_id=10573"},"modified":"2024-09-27T22:51:03","modified_gmt":"2024-09-27T20:51:03","slug":"department-of-computer-graphics-and-interaction","status":"publish","type":"page","link":"https:\/\/dcgi.fel.cvut.cz\/en\/study\/","title":{"rendered":"Study at DCGI department"},"content":{"rendered":"<div class=\"component component-perex pb-5\">\n    <div class=\"container\">\n        <hr class=\"title-line\">\n    <div class=\"row\">\n      <div class=\"col-md-7 order-1 order-md-0\">\n        <div class=\"perex-description mb-4\"><div class=\"level1\">\n<div class=\"level1\">\n<p>The long term objectives of our department are the <a class=\"wikilink1\" title=\"en:study\" href=\"https:\/\/dcgi.fel.cvut.cz\/en\/courses\/\">teaching<\/a> and the <a class=\"wikilink1\" title=\"en:research\" href=\"https:\/\/dcgi.fel.cvut.cz\/en\/publications\/\">research<\/a> at the level of leading European universities.<\/p>\n<ul>\n<li>We educate Bachelor, Master, and PhD students to become graduates with high competencies and great potential for their future careers.<\/li>\n<li>We actively participate in current research in the field of computer graphics and human-computer interaction.<\/li>\n<li>We publish at renowned international conferences and in prestigious journals.<\/li>\n<li>We support teaching and research by implementing projects from grant agencies and major commercial organizations.<\/li>\n<li>We cooperate with Czech and foreign partners in the field of research and teaching.<\/li>\n<\/ul>\n<hr>\n<p>&nbsp;<\/p>\n<\/div>\n<\/div>\n<\/div>\n                  <div class=\"mb-4 mb-md-5\">\n                          <div class=\"mb-3\">\n                  <a  href=\"http:\/\/dcgi.fel.cvut.cz\/en\/study\/rules\" class=\"component-link\" target=\"_self\">\n                          <div class=\"svg svg-arrow-right\">\n    <svg version=\"1.1\" id=\"Vrstva_1\" xmlns=\"http:\/\/www.w3.org\/2000\/svg\" xmlns:xlink=\"http:\/\/www.w3.org\/1999\/xlink\" x=\"0px\" y=\"0px\"\n\t viewBox=\"0 0 30.3 22.7\" style=\"enable-background:new 0 0 30.3 22.7;\" xml:space=\"preserve\">\n<style type=\"text\/css\">\n\t.starrow{fill:none;stroke:#0055C8;stroke-width:2;stroke-miterlimit:10;}\n<\/style>\n<polyline class=\"starrow\" points=\"17.6,3 27.9,10.8 17.6,18.6 \"\/>\n<line class=\"starrow\" x1=\"27.6\" y1=\"10.8\" x2=\"2\" y2=\"10.8\"\/>\n<\/svg>\n  <\/div>\n\n    Academic Rules\n  <\/a>\n              <\/div>\n                          <div class=\"mb-3\">\n                  <a  href=\"https:\/\/bilakniha.cvut.cz\/en\/predmet4871506.html#gsc.tab=0\" class=\"component-link\" target=\"_self\">\n                          <div class=\"svg svg-arrow-right\">\n    <svg version=\"1.1\" id=\"Vrstva_1\" xmlns=\"http:\/\/www.w3.org\/2000\/svg\" xmlns:xlink=\"http:\/\/www.w3.org\/1999\/xlink\" x=\"0px\" y=\"0px\"\n\t viewBox=\"0 0 30.3 22.7\" style=\"enable-background:new 0 0 30.3 22.7;\" xml:space=\"preserve\">\n<style type=\"text\/css\">\n\t.starrow{fill:none;stroke:#0055C8;stroke-width:2;stroke-miterlimit:10;}\n<\/style>\n<polyline class=\"starrow\" points=\"17.6,3 27.9,10.8 17.6,18.6 \"\/>\n<line class=\"starrow\" x1=\"27.6\" y1=\"10.8\" x2=\"2\" y2=\"10.8\"\/>\n<\/svg>\n  <\/div>\n\n    Research Project Course\n  <\/a>\n              <\/div>\n                          <div class=\"mb-3\">\n                  <a  href=\"https:\/\/dcgi.fel.cvut.cz\/en\/study\/volna-temata\" class=\"component-link\" target=\"_self\">\n                          <div class=\"svg svg-arrow-right\">\n    <svg version=\"1.1\" id=\"Vrstva_1\" xmlns=\"http:\/\/www.w3.org\/2000\/svg\" xmlns:xlink=\"http:\/\/www.w3.org\/1999\/xlink\" x=\"0px\" y=\"0px\"\n\t viewBox=\"0 0 30.3 22.7\" style=\"enable-background:new 0 0 30.3 22.7;\" xml:space=\"preserve\">\n<style type=\"text\/css\">\n\t.starrow{fill:none;stroke:#0055C8;stroke-width:2;stroke-miterlimit:10;}\n<\/style>\n<polyline class=\"starrow\" points=\"17.6,3 27.9,10.8 17.6,18.6 \"\/>\n<line class=\"starrow\" x1=\"27.6\" y1=\"10.8\" x2=\"2\" y2=\"10.8\"\/>\n<\/svg>\n  <\/div>\n\n    Topics for theses (in Czech)\n  <\/a>\n              <\/div>\n                          <div class=\"mb-3\">\n                  <a  href=\"https:\/\/dcgi.fel.cvut.cz\/en\/study\/aktualni-informace-ke-statnicim\/\" class=\"component-link\" target=\"_self\">\n                          <div class=\"svg svg-arrow-right\">\n    <svg version=\"1.1\" id=\"Vrstva_1\" xmlns=\"http:\/\/www.w3.org\/2000\/svg\" xmlns:xlink=\"http:\/\/www.w3.org\/1999\/xlink\" x=\"0px\" y=\"0px\"\n\t viewBox=\"0 0 30.3 22.7\" style=\"enable-background:new 0 0 30.3 22.7;\" xml:space=\"preserve\">\n<style type=\"text\/css\">\n\t.starrow{fill:none;stroke:#0055C8;stroke-width:2;stroke-miterlimit:10;}\n<\/style>\n<polyline class=\"starrow\" points=\"17.6,3 27.9,10.8 17.6,18.6 \"\/>\n<line class=\"starrow\" x1=\"27.6\" y1=\"10.8\" x2=\"2\" y2=\"10.8\"\/>\n<\/svg>\n  <\/div>\n\n    News on the state examinations\n  <\/a>\n              <\/div>\n                          <div class=\"mb-3\">\n                  <a  href=\"https:\/\/www.cvut.cz\/sites\/default\/files\/content\/d1dc93cd-5894-4521-b799-c7e715d3c59e\/en\/20240220-methodical-guideline-no-52023-rev2.pdf\" class=\"component-link\" target=\"_self\">\n                          <div class=\"svg svg-arrow-right\">\n    <svg version=\"1.1\" id=\"Vrstva_1\" xmlns=\"http:\/\/www.w3.org\/2000\/svg\" xmlns:xlink=\"http:\/\/www.w3.org\/1999\/xlink\" x=\"0px\" y=\"0px\"\n\t viewBox=\"0 0 30.3 22.7\" style=\"enable-background:new 0 0 30.3 22.7;\" xml:space=\"preserve\">\n<style type=\"text\/css\">\n\t.starrow{fill:none;stroke:#0055C8;stroke-width:2;stroke-miterlimit:10;}\n<\/style>\n<polyline class=\"starrow\" points=\"17.6,3 27.9,10.8 17.6,18.6 \"\/>\n<line class=\"starrow\" x1=\"27.6\" y1=\"10.8\" x2=\"2\" y2=\"10.8\"\/>\n<\/svg>\n  <\/div>\n\n    Use of artificial intelligence at CTU for study and pedagogical purposes in Bachelor and continuing Masters studies (CTU methodical guideline)\n  <\/a>\n              <\/div>\n                          <div class=\"mb-3\">\n                  <a  href=\"https:\/\/www.cvut.cz\/sites\/default\/files\/content\/d1dc93cd-5894-4521-b799-c7e715d3c59e\/en\/20240221-methodical-guideline-no-22024.pdf\" class=\"component-link\" target=\"_self\">\n                          <div class=\"svg svg-arrow-right\">\n    <svg version=\"1.1\" id=\"Vrstva_1\" xmlns=\"http:\/\/www.w3.org\/2000\/svg\" xmlns:xlink=\"http:\/\/www.w3.org\/1999\/xlink\" x=\"0px\" y=\"0px\"\n\t viewBox=\"0 0 30.3 22.7\" style=\"enable-background:new 0 0 30.3 22.7;\" xml:space=\"preserve\">\n<style type=\"text\/css\">\n\t.starrow{fill:none;stroke:#0055C8;stroke-width:2;stroke-miterlimit:10;}\n<\/style>\n<polyline class=\"starrow\" points=\"17.6,3 27.9,10.8 17.6,18.6 \"\/>\n<line class=\"starrow\" x1=\"27.6\" y1=\"10.8\" x2=\"2\" y2=\"10.8\"\/>\n<\/svg>\n  <\/div>\n\n    Adhering to ethical principles when elaborating an academic final thesis (CTU methodical guideline)\n  <\/a>\n              <\/div>\n                          <div class=\"mb-3\">\n                  <a  href=\"https:\/\/www.cvut.cz\/en\/why-study-at-ctu\" class=\"component-link\" target=\"_self\">\n                          <div class=\"svg svg-arrow-right\">\n    <svg version=\"1.1\" id=\"Vrstva_1\" xmlns=\"http:\/\/www.w3.org\/2000\/svg\" xmlns:xlink=\"http:\/\/www.w3.org\/1999\/xlink\" x=\"0px\" y=\"0px\"\n\t viewBox=\"0 0 30.3 22.7\" style=\"enable-background:new 0 0 30.3 22.7;\" xml:space=\"preserve\">\n<style type=\"text\/css\">\n\t.starrow{fill:none;stroke:#0055C8;stroke-width:2;stroke-miterlimit:10;}\n<\/style>\n<polyline class=\"starrow\" points=\"17.6,3 27.9,10.8 17.6,18.6 \"\/>\n<line class=\"starrow\" x1=\"27.6\" y1=\"10.8\" x2=\"2\" y2=\"10.8\"\/>\n<\/svg>\n  <\/div>\n\n    Why study at CTU?\n  <\/a>\n              <\/div>\n                          <div class=\"mb-3\">\n                  <a  href=\"https:\/\/fel.cvut.cz\/en\" class=\"component-link\" target=\"_self\">\n                          <div class=\"svg svg-arrow-right\">\n    <svg version=\"1.1\" id=\"Vrstva_1\" xmlns=\"http:\/\/www.w3.org\/2000\/svg\" xmlns:xlink=\"http:\/\/www.w3.org\/1999\/xlink\" x=\"0px\" y=\"0px\"\n\t viewBox=\"0 0 30.3 22.7\" style=\"enable-background:new 0 0 30.3 22.7;\" xml:space=\"preserve\">\n<style type=\"text\/css\">\n\t.starrow{fill:none;stroke:#0055C8;stroke-width:2;stroke-miterlimit:10;}\n<\/style>\n<polyline class=\"starrow\" points=\"17.6,3 27.9,10.8 17.6,18.6 \"\/>\n<line class=\"starrow\" x1=\"27.6\" y1=\"10.8\" x2=\"2\" y2=\"10.8\"\/>\n<\/svg>\n  <\/div>\n\n    FEE web pages\n  <\/a>\n              <\/div>\n                      <\/div>\n                                      <span class=\"d-inline-block mb-3 mr-3\">\n              <a href=\"https:\/\/fel.cvut.cz\/en\" class=\"btn btn-primary\" target=\"_blank\">\n  Faculty main page\n<\/a>\n\n\n\n            <\/span>\n                        <\/div>\n      <div class=\"col-md-5 order-0 order-md-1\">\n                  <img decoding=\"async\" src=\"https:\/\/dcgi.fel.cvut.cz\/wp-content\/uploads\/pozadi-kopie1x-2.png\" class=\"perex-img mb-4 mb-md-0\" loading=\"lazy\" alt=\"\">\n              <\/div>\n    <\/div>\n  <\/div>\n<\/div>\n\n\n<div class=\"component component-study-programs bg-light py-5\">\n    <div class=\"container\">\n    <h2>Study programs (in Czech)<\/h2>\n              <div class=\"study-program\">\n        <h3 class=\"mb-2\">Bachelor programs<\/h3>\n        <hr class=\"title-line\">\n        <div class=\"row\">\n                      <div class=\"col-md-6\">\n              <h4 class=\"mt-2\"><a href=\"https:\/\/oi.fel.cvut.cz\" target=_blank>Otev\u0159en\u00e1 informatika (OI) <\/a>, branch<\/h4>\n              <ul>\n                                  <li><a href=\"https:\/\/fel.cvut.cz\/cz\/education\/bk\/pruchody\/pr956142326605.html\" target=_blank>Po\u010d\u00edta\u010dov\u00e9 hry a grafika<\/a><\/li>\n                              <\/ul>\n            <\/div>\n                      <div class=\"col-md-6\">\n              <h4 class=\"mt-2\"><a href=\"https:\/\/sit.fel.cvut.cz\" target=_blank>Softwarov\u00e9 in\u017een\u00fdrstv\u00ed a technologie (SIT)<\/a>, branch<\/h4>\n              <ul>\n                                  <li><a href=\"https:\/\/fel.cvut.cz\/cz\/education\/bk\/pruchody\/pr1222479848005.html\" target=_blank>Technologie pro multim\u00e9dia a virtu\u00e1ln\u00ed realitu (TEMVR)<\/a><\/li>\n                              <\/ul>\n            <\/div>\n                  <\/div>\n        <\/div>\n              <div class=\"study-program\">\n        <h3 class=\"mb-2\">Master program<\/h3>\n        <hr class=\"title-line\">\n        <div class=\"row\">\n                      <div class=\"col-md-6\">\n              <h4 class=\"mt-2\"><a href=\"https:\/\/oi.fel.cvut.cz\" target=_blank>Otev\u0159en\u00e1 informatika (OI) <\/a>, branches<\/h4>\n              <ul>\n                                  <li><a href=\"https:\/\/fel.cvut.cz\/cz\/education\/bk\/pruchody\/pr958758515405.html\" target=_blank>Po\u010d\u00edta\u010dov\u00e1 grafika<\/a><\/li>\n                                  <li><a href=\"https:\/\/fel.cvut.cz\/cz\/education\/bk\/pruchody\/pr958758512005.html\" target=_blank>Interakce \u010dlov\u011bka s po\u010d\u00edta\u010dem (HCI)<\/a><\/li>\n                              <\/ul>\n            <\/div>\n                  <\/div>\n        <\/div>\n              <div class=\"study-program\">\n        <h3 class=\"mb-2\">Doctoral program<\/h3>\n        <hr class=\"title-line\">\n        <div class=\"row\">\n                      <div class=\"col-md-6\">\n              <h4 class=\"mt-2\"><a href=\"https:\/\/fel.cvut.cz\/cz\/vv\/doktorandi\/studium.html\" target=_blank>Informatika<\/a><\/h4>\n              <ul>\n                              <\/ul>\n            <\/div>\n                  <\/div>\n        <\/div>\n        <\/div>\n<\/div>\n\n\n<div class=\"component component-link-list py-5\">\n    <div class=\"container\">\n    <h2>Important web links<\/h2>\n    <div class=\"row\">\n            <div class=\"col-md-6 mb-3\">\n          <a  href=\"https:\/\/fel.cvut.cz\/cz\/\" class=\"component-link\" target=\"_blank\">\n                          <div class=\"svg svg-arrow-right\">\n    <svg version=\"1.1\" id=\"Vrstva_1\" xmlns=\"http:\/\/www.w3.org\/2000\/svg\" xmlns:xlink=\"http:\/\/www.w3.org\/1999\/xlink\" x=\"0px\" y=\"0px\"\n\t viewBox=\"0 0 30.3 22.7\" style=\"enable-background:new 0 0 30.3 22.7;\" xml:space=\"preserve\">\n<style type=\"text\/css\">\n\t.starrow{fill:none;stroke:#0055C8;stroke-width:2;stroke-miterlimit:10;}\n<\/style>\n<polyline class=\"starrow\" points=\"17.6,3 27.9,10.8 17.6,18.6 \"\/>\n<line class=\"starrow\" x1=\"27.6\" y1=\"10.8\" x2=\"2\" y2=\"10.8\"\/>\n<\/svg>\n  <\/div>\n\n    Faculty of Electrical Engineering\n  <\/a>\n      <\/div>\n            <div class=\"col-md-6 mb-3\">\n          <a  href=\"https:\/\/www.cvut.cz\/\" class=\"component-link\" target=\"_blank\">\n                          <div class=\"svg svg-arrow-right\">\n    <svg version=\"1.1\" id=\"Vrstva_1\" xmlns=\"http:\/\/www.w3.org\/2000\/svg\" xmlns:xlink=\"http:\/\/www.w3.org\/1999\/xlink\" x=\"0px\" y=\"0px\"\n\t viewBox=\"0 0 30.3 22.7\" style=\"enable-background:new 0 0 30.3 22.7;\" xml:space=\"preserve\">\n<style type=\"text\/css\">\n\t.starrow{fill:none;stroke:#0055C8;stroke-width:2;stroke-miterlimit:10;}\n<\/style>\n<polyline class=\"starrow\" points=\"17.6,3 27.9,10.8 17.6,18.6 \"\/>\n<line class=\"starrow\" x1=\"27.6\" y1=\"10.8\" x2=\"2\" y2=\"10.8\"\/>\n<\/svg>\n  <\/div>\n\n    Czech Technical University in Prague\n  <\/a>\n      <\/div>\n          <\/div>\n  <\/div>\n<\/div>\n","protected":false},"excerpt":{"rendered":"","protected":false},"author":10,"featured_media":0,"parent":0,"menu_order":0,"comment_status":"closed","ping_status":"closed","template":"","meta":{"_acf_changed":false,"footnotes":""},"class_list":["post-10573","page","type-page","status-publish","hentry"],"acf":[],"aioseo_notices":[],"_links":{"self":[{"href":"https:\/\/dcgi.fel.cvut.cz\/en\/wp-json\/wp\/v2\/pages\/10573","targetHints":{"allow":["GET"]}}],"collection":[{"href":"https:\/\/dcgi.fel.cvut.cz\/en\/wp-json\/wp\/v2\/pages"}],"about":[{"href":"https:\/\/dcgi.fel.cvut.cz\/en\/wp-json\/wp\/v2\/types\/page"}],"author":[{"embeddable":true,"href":"https:\/\/dcgi.fel.cvut.cz\/en\/wp-json\/wp\/v2\/users\/10"}],"replies":[{"embeddable":true,"href":"https:\/\/dcgi.fel.cvut.cz\/en\/wp-json\/wp\/v2\/comments?post=10573"}],"version-history":[{"count":20,"href":"https:\/\/dcgi.fel.cvut.cz\/en\/wp-json\/wp\/v2\/pages\/10573\/revisions"}],"predecessor-version":[{"id":62023,"href":"https:\/\/dcgi.fel.cvut.cz\/en\/wp-json\/wp\/v2\/pages\/10573\/revisions\/62023"}],"wp:attachment":[{"href":"https:\/\/dcgi.fel.cvut.cz\/en\/wp-json\/wp\/v2\/media?parent=10573"}],"curies":[{"name":"wp","href":"https:\/\/api.w.org\/{rel}","templated":true}]}}