{"id":10583,"date":"2021-03-16T12:11:56","date_gmt":"2021-03-16T11:11:56","guid":{"rendered":"https:\/\/dcgi.profi.ci\/vyzkum\/"},"modified":"2021-11-21T18:54:28","modified_gmt":"2021-11-21T17:54:28","slug":"vyzkum","status":"publish","type":"page","link":"https:\/\/dcgi.fel.cvut.cz\/en\/research\/","title":{"rendered":"Research"},"content":{"rendered":"<div class=\"component component-project-category\">\n    <div class=\"container\">\n  <ul class=\"category-menu list-no-style\">\n          <li class=\"menu-item\">\n        <a href=\"#current\" class=\"menu-link\">Running projects<\/a>\n      <\/li>\n          <li class=\"menu-item\">\n        <a href=\"#past\" class=\"menu-link\">Finished projects<\/a>\n      <\/li>\n      <\/ul>\n<\/div>\n\n  <div class=\"projects bg-light pb-5\">\n    <div class=\"container\">\n              <div id=\"current\" class=\"project-group pt-3 pb-3 mb-4\">\n          <h3>Running projects<\/h3>\n                                                    <div class=\"project-teaser pb-4\">\n  <div class=\"row\">\n    <div class=\"col-sm-3\">\n              <a href=\"https:\/\/dcgi.fel.cvut.cz\/en\/vyzkum\/efficient-spatial-hierarchies-for-complex-3d-scenes\/\" class=\"d-block project-img-wrap\">\n          <img decoding=\"async\" src=\"https:\/\/dcgi.fel.cvut.cz\/wp-content\/uploads\/gacr-bittner-2026.jpg\" class=\"project-img\" loading=\"lazy\" alt=\"\">\n        <\/a>\n          <\/div>\n    <div class=\"col-sm-9 col-lg-7 mt-4 mt-md-0\">\n              <a href=\"https:\/\/dcgi.fel.cvut.cz\/en\/vyzkum\/efficient-spatial-hierarchies-for-complex-3d-scenes\/\">\n          <h3 class=\"project-title mb-2\">Efficient Spatial Hierarchies for Complex 3D Scenes<\/h3>\n        <\/a>\n                    <div class=\"project-authors-wrap my-3 py-2\">\n          <div>\n                                                                                          <a href=\"https:\/\/dcgi.fel.cvut.cz\/en\/people\/bittner\/\" class=\"project-author\">Ji\u0159\u00ed Bittner<\/a>\n                                                        <a href=\"https:\/\/dcgi.fel.cvut.cz\/en\/people\/hlavoter\/\" class=\"project-author\">Tereza Hlavov\u00e1<\/a>\n                                                <\/div>\n        <\/div>\n                  <div class=\"project-description\">The project focuses on spatial data structures with an emphasis on bounding box hierarchies (BVH). Our main research goal is to develop new methods for constructing and traversing BVHs that improve their&#8230;<\/div>\n                <\/div>\n  <\/div>\n<\/div>\n                                                                              <div class=\"project-teaser pb-4\">\n  <div class=\"row\">\n    <div class=\"col-sm-3\">\n              <a href=\"https:\/\/dcgi.fel.cvut.cz\/en\/research\/airport\/\" class=\"d-block project-img-wrap\">\n          <img decoding=\"async\" src=\"https:\/\/dcgi.fel.cvut.cz\/wp-content\/wpallimport-dist\/research\/images\/research-airport-teaser.png\" class=\"project-img\" loading=\"lazy\" alt=\"\">\n        <\/a>\n          <\/div>\n    <div class=\"col-sm-9 col-lg-7 mt-4 mt-md-0\">\n              <a href=\"https:\/\/dcgi.fel.cvut.cz\/en\/research\/airport\/\">\n          <h3 class=\"project-title mb-2\">Total System Approach to Safety Performance Measurement in Aviation Organizations<\/h3>\n        <\/a>\n                    <div class=\"project-authors-wrap my-3 py-2\">\n          <div>\n                                                                                          <a href=\"https:\/\/dcgi.fel.cvut.cz\/en\/people\/cmolikl\/\" class=\"project-author\">Ladislav \u010cmol\u00edk<\/a>\n                                                        <a href=\"https:\/\/dcgi.fel.cvut.cz\/en\/people\/malyi1\/\" class=\"project-author\">Ivo Mal\u00fd<\/a>\n                                                <\/div>\n        <\/div>\n                  <div class=\"project-description\">The goal of the project is to increase safety intelligence of complex aviation organizations by proposing a way of measurement and visualization of organizations\u2019 safety performance based on systemic&#8230;<\/div>\n                <\/div>\n  <\/div>\n<\/div>\n                                                                                                                                                                                                                                                                                                                                                                                                                                                                                                                                                                                                                                                                                                                                  <\/div>\n              <div id=\"past\" class=\"project-group pt-3 pb-3 mb-4\">\n          <h3>Finished projects<\/h3>\n                                                                                                                                                                              <div class=\"project-teaser pb-4\">\n  <div class=\"row\">\n    <div class=\"col-sm-3\">\n              <a href=\"https:\/\/dcgi.fel.cvut.cz\/en\/research\/arise\/\" class=\"d-block project-img-wrap\">\n          <img decoding=\"async\" src=\"https:\/\/dcgi.fel.cvut.cz\/wp-content\/wpallimport-dist\/research\/images\/research-arise-teaser.png\" class=\"project-img\" loading=\"lazy\" alt=\"\">\n        <\/a>\n          <\/div>\n    <div class=\"col-sm-9 col-lg-7 mt-4 mt-md-0\">\n              <a href=\"https:\/\/dcgi.fel.cvut.cz\/en\/research\/arise\/\">\n          <h3 class=\"project-title mb-2\">Augmented Reality in School Environments (ARiSE)<\/h3>\n        <\/a>\n                    <div class=\"project-authors-wrap my-3 py-2\">\n          <div>\n                                                                                          <a href=\"https:\/\/dcgi.fel.cvut.cz\/en\/people\/zara\/\" class=\"project-author\">Ji\u0159\u00ed \u017d\u00e1ra<\/a>\n                                                        <a href=\"https:\/\/dcgi.fel.cvut.cz\/en\/people\/havravla\/\" class=\"project-author\">Vlastimil Havran<\/a>\n                                                        <a href=\"https:\/\/dcgi.fel.cvut.cz\/en\/people\/sykorad\/\" class=\"project-author\">Daniel S\u00fdkora<\/a>\n                                                <\/div>\n        <\/div>\n                  <div class=\"project-description\">The project aims at integrating an AR teaching platform (ARTP) into the everyday environment of teachers and students, displaying audiovisual and multimedia content in line with the needs identified by&#8230;<\/div>\n                <\/div>\n  <\/div>\n<\/div>\n                                                                                                        <div class=\"project-teaser pb-4\">\n  <div class=\"row\">\n    <div class=\"col-sm-3\">\n              <a href=\"https:\/\/dcgi.fel.cvut.cz\/en\/research\/cpg\/\" class=\"d-block project-img-wrap\">\n          <img decoding=\"async\" src=\"https:\/\/dcgi.fel.cvut.cz\/wp-content\/wpallimport-dist\/research\/images\/research-cpg-teaser.png\" class=\"project-img\" loading=\"lazy\" alt=\"\">\n        <\/a>\n          <\/div>\n    <div class=\"col-sm-9 col-lg-7 mt-4 mt-md-0\">\n              <a href=\"https:\/\/dcgi.fel.cvut.cz\/en\/research\/cpg\/\">\n          <h3 class=\"project-title mb-2\">Center for Computer Graphics (CPG)<\/h3>\n        <\/a>\n                    <div class=\"project-authors-wrap my-3 py-2\">\n          <div>\n                                                                                          <a href=\"https:\/\/dcgi.fel.cvut.cz\/en\/people\/zara\/\" class=\"project-author\">Ji\u0159\u00ed \u017d\u00e1ra<\/a>\n                                                        <a href=\"https:\/\/dcgi.fel.cvut.cz\/en\/people\/bittner\/\" class=\"project-author\">Ji\u0159\u00ed Bittner<\/a>\n                                                        <a href=\"https:\/\/dcgi.fel.cvut.cz\/en\/people\/cmolikl\/\" class=\"project-author\">Ladislav \u010cmol\u00edk<\/a>\n                                                <\/div>\n        <\/div>\n                  <div class=\"project-description\">The Center for Computer Graphics covers computer graphics groups of four prominent universities in the Czech Republic: Czech Technical University in Prague, University of West Bohemia in Pilsen, Masaryk&#8230;<\/div>\n                <\/div>\n  <\/div>\n<\/div>\n                                                                                                        <div class=\"project-teaser pb-4\">\n  <div class=\"row\">\n    <div class=\"col-sm-3\">\n              <a href=\"https:\/\/dcgi.fel.cvut.cz\/en\/research\/i2home\/\" class=\"d-block project-img-wrap\">\n          <img decoding=\"async\" src=\"https:\/\/dcgi.fel.cvut.cz\/wp-content\/wpallimport-dist\/research\/images\/research-i2home-teaser.png\" class=\"project-img\" loading=\"lazy\" alt=\"\">\n        <\/a>\n          <\/div>\n    <div class=\"col-sm-9 col-lg-7 mt-4 mt-md-0\">\n              <a href=\"https:\/\/dcgi.fel.cvut.cz\/en\/research\/i2home\/\">\n          <h3 class=\"project-title mb-2\">Intuitive Interaction for Everyone with Home Appliances based on Industry Standards (I2HOME)<\/h3>\n        <\/a>\n                    <div class=\"project-authors-wrap my-3 py-2\">\n          <div>\n                                                                                          <a href=\"https:\/\/dcgi.fel.cvut.cz\/en\/people\/slavik\/\" class=\"project-author\">Pavel Slav\u00edk<\/a>\n                                                        <a href=\"https:\/\/dcgi.fel.cvut.cz\/en\/people\/xklima\/\" class=\"project-author\">Martin Kl\u00edma<\/a>\n                                                        <a href=\"https:\/\/dcgi.fel.cvut.cz\/en\/people\/malyi1\/\" class=\"project-author\">Ivo Mal\u00fd<\/a>\n                                                        <a href=\"https:\/\/dcgi.fel.cvut.cz\/en\/people\/xmikovec\/\" class=\"project-author\">Zden\u011bk M\u00edkovec<\/a>\n                                                <\/div>\n        <\/div>\n                  <div class=\"project-description\">Despite recent advancements in information and communication technologies and growing sales numbers, industry has been rather reluctant to standardise access technologies and to implement them in a Design&#8230;<\/div>\n                <\/div>\n  <\/div>\n<\/div>\n                                                                              <div class=\"project-teaser pb-4\">\n  <div class=\"row\">\n    <div class=\"col-sm-3\">\n              <a href=\"https:\/\/dcgi.fel.cvut.cz\/en\/research\/langweil\/\" class=\"d-block project-img-wrap\">\n          <img decoding=\"async\" src=\"https:\/\/dcgi.fel.cvut.cz\/wp-content\/wpallimport-dist\/research\/images\/research-langweil-teaser.png\" class=\"project-img\" loading=\"lazy\" alt=\"\">\n        <\/a>\n          <\/div>\n    <div class=\"col-sm-9 col-lg-7 mt-4 mt-md-0\">\n              <a href=\"https:\/\/dcgi.fel.cvut.cz\/en\/research\/langweil\/\">\n          <h3 class=\"project-title mb-2\">Langweil Model of Prague as an Educational Tool<\/h3>\n        <\/a>\n                    <div class=\"project-authors-wrap my-3 py-2\">\n          <div>\n                                                                                          <a href=\"https:\/\/dcgi.fel.cvut.cz\/en\/people\/zara\/\" class=\"project-author\">Ji\u0159\u00ed \u017d\u00e1ra<\/a>\n                                                        <a href=\"https:\/\/dcgi.fel.cvut.cz\/en\/people\/sedlad1\/\" class=\"project-author\">David Sedl\u00e1\u010dek<\/a>\n                                                        <a href=\"https:\/\/dcgi.fel.cvut.cz\/en\/people\/malyi1\/\" class=\"project-author\">Ivo Mal\u00fd<\/a>\n                                                <\/div>\n        <\/div>\n                  <div class=\"project-description\">The aim of the project is to support the cooperation of the Prague City Museum and primary and secondary schools from all over the Czech Republic through newly created interactive (digital-educational&#8230;<\/div>\n                <\/div>\n  <\/div>\n<\/div>\n                                                                                                        <div class=\"project-teaser pb-4\">\n  <div class=\"row\">\n    <div class=\"col-sm-3\">\n              <a href=\"https:\/\/dcgi.fel.cvut.cz\/en\/research\/mummy\/\" class=\"d-block project-img-wrap\">\n          <img decoding=\"async\" src=\"https:\/\/dcgi.fel.cvut.cz\/wp-content\/wpallimport-dist\/research\/images\/research-mummy-teaser.png\" class=\"project-img\" loading=\"lazy\" alt=\"\">\n        <\/a>\n          <\/div>\n    <div class=\"col-sm-9 col-lg-7 mt-4 mt-md-0\">\n              <a href=\"https:\/\/dcgi.fel.cvut.cz\/en\/research\/mummy\/\">\n          <h3 class=\"project-title mb-2\">Mobile Knowledge Management (MUMMY)<\/h3>\n        <\/a>\n                    <div class=\"project-authors-wrap my-3 py-2\">\n          <div>\n                                                                                          <a href=\"https:\/\/dcgi.fel.cvut.cz\/en\/people\/slavik\/\" class=\"project-author\">Pavel Slav\u00edk<\/a>\n                                                        <a href=\"https:\/\/dcgi.fel.cvut.cz\/en\/people\/cmolikl\/\" class=\"project-author\">Ladislav \u010cmol\u00edk<\/a>\n                                                        <a href=\"https:\/\/dcgi.fel.cvut.cz\/en\/people\/xklima\/\" class=\"project-author\">Martin Kl\u00edma<\/a>\n                                                        <a href=\"https:\/\/dcgi.fel.cvut.cz\/en\/people\/xmikovec\/\" class=\"project-author\">Zden\u011bk M\u00edkovec<\/a>\n                                                        <a href=\"https:\/\/dcgi.fel.cvut.cz\/en\/people\/malyi1\/\" class=\"project-author\">Ivo Mal\u00fd<\/a>\n                                                <\/div>\n        <\/div>\n                  <div class=\"project-description\">A big, and still rising percentage of workers is doing at least in parts mobile business work. From the IT point of view, one of the immediate consequences is the increasing demand for being integrated&#8230;<\/div>\n                <\/div>\n  <\/div>\n<\/div>\n                                                                              <div class=\"project-teaser pb-4\">\n  <div class=\"row\">\n    <div class=\"col-sm-3\">\n              <a href=\"https:\/\/dcgi.fel.cvut.cz\/en\/research\/rci\/\" class=\"d-block project-img-wrap\">\n          <img decoding=\"async\" src=\"https:\/\/dcgi.fel.cvut.cz\/wp-content\/wpallimport-dist\/research\/images\/research-rci-teaser.png\" class=\"project-img\" loading=\"lazy\" alt=\"\">\n        <\/a>\n          <\/div>\n    <div class=\"col-sm-9 col-lg-7 mt-4 mt-md-0\">\n              <a href=\"https:\/\/dcgi.fel.cvut.cz\/en\/research\/rci\/\">\n          <h3 class=\"project-title mb-2\">Research Center for Informatics (RCI)<\/h3>\n        <\/a>\n                    <div class=\"project-authors-wrap my-3 py-2\">\n          <div>\n                                                                                          <a href=\"https:\/\/dcgi.fel.cvut.cz\/en\/people\/zara\/\" class=\"project-author\">Ji\u0159\u00ed \u017d\u00e1ra<\/a>\n                                                        <a href=\"https:\/\/dcgi.fel.cvut.cz\/en\/people\/bittner\/\" class=\"project-author\">Ji\u0159\u00ed Bittner<\/a>\n                                                        <a href=\"https:\/\/dcgi.fel.cvut.cz\/en\/people\/havravla\/\" class=\"project-author\">Vlastimil Havran<\/a>\n                                                        <a href=\"https:\/\/dcgi.fel.cvut.cz\/en\/people\/sykorad\/\" class=\"project-author\">Daniel S\u00fdkora<\/a>\n                                                        <a href=\"https:\/\/dcgi.fel.cvut.cz\/en\/people\/macikmir\/\" class=\"project-author\">Miroslav Mac\u00edk<\/a>\n                                                <\/div>\n        <\/div>\n                  <div class=\"project-description\">RCI is the centre of scientific excellence in computer science and artificial intelligence that boosts and integrates internationally competitive research conducted at Czech Technical University. The&#8230;<\/div>\n                <\/div>\n  <\/div>\n<\/div>\n                                                                                                        <div class=\"project-teaser pb-4\">\n  <div class=\"row\">\n    <div class=\"col-sm-3\">\n              <a href=\"https:\/\/dcgi.fel.cvut.cz\/en\/research\/v3c\/\" class=\"d-block project-img-wrap\">\n          <img decoding=\"async\" src=\"https:\/\/dcgi.fel.cvut.cz\/wp-content\/wpallimport-dist\/research\/images\/research-v3c-teaser.png\" class=\"project-img\" loading=\"lazy\" alt=\"\">\n        <\/a>\n          <\/div>\n    <div class=\"col-sm-9 col-lg-7 mt-4 mt-md-0\">\n              <a href=\"https:\/\/dcgi.fel.cvut.cz\/en\/research\/v3c\/\">\n          <h3 class=\"project-title mb-2\">Visual Computing Competence Center (V3C)<\/h3>\n        <\/a>\n                    <div class=\"project-authors-wrap my-3 py-2\">\n          <div>\n                                                                                          <a href=\"https:\/\/dcgi.fel.cvut.cz\/en\/people\/zara\/\" class=\"project-author\">Ji\u0159\u00ed \u017d\u00e1ra<\/a>\n                                                        <a href=\"https:\/\/dcgi.fel.cvut.cz\/en\/people\/sykorad\/\" class=\"project-author\">Daniel S\u00fdkora<\/a>\n                                                        <a href=\"https:\/\/dcgi.fel.cvut.cz\/en\/people\/xmikovec\/\" class=\"project-author\">Zden\u011bk M\u00edkovec<\/a>\n                                                        <a href=\"https:\/\/dcgi.fel.cvut.cz\/en\/people\/cmolikl\/\" class=\"project-author\">Ladislav \u010cmol\u00edk<\/a>\n                                                        <a href=\"https:\/\/dcgi.fel.cvut.cz\/en\/people\/slavik\/\" class=\"project-author\">Pavel Slav\u00edk<\/a>\n                                                        <a href=\"https:\/\/dcgi.fel.cvut.cz\/en\/people\/berka\/\" class=\"project-author\">Roman Berka<\/a>\n                                                <\/div>\n        <\/div>\n                  <div class=\"project-description\">The mission of the centre is a research and development in the area of Visual Computing, especially in automobile and movie industry. The task is to develop techniques for interactive, semiautomatic,&#8230;<\/div>\n                <\/div>\n  <\/div>\n<\/div>\n                                                                                                        <div class=\"project-teaser pb-4\">\n  <div class=\"row\">\n    <div class=\"col-sm-3\">\n              <a href=\"https:\/\/dcgi.fel.cvut.cz\/en\/research\/veritas\/\" class=\"d-block project-img-wrap\">\n          <img decoding=\"async\" src=\"https:\/\/dcgi.fel.cvut.cz\/wp-content\/wpallimport-dist\/research\/images\/research-veritas-teaser.png\" class=\"project-img\" loading=\"lazy\" alt=\"\">\n        <\/a>\n          <\/div>\n    <div class=\"col-sm-9 col-lg-7 mt-4 mt-md-0\">\n              <a href=\"https:\/\/dcgi.fel.cvut.cz\/en\/research\/veritas\/\">\n          <h3 class=\"project-title mb-2\">Virtual and Augmented Environments and Realistic User Interactions To achieve Embedded Accessibility DesignS (VERITAS)<\/h3>\n        <\/a>\n                    <div class=\"project-authors-wrap my-3 py-2\">\n          <div>\n                                                                                          <a href=\"https:\/\/dcgi.fel.cvut.cz\/en\/people\/slavik\/\" class=\"project-author\">Pavel Slav\u00edk<\/a>\n                                                        <a href=\"https:\/\/dcgi.fel.cvut.cz\/en\/people\/xmikovec\/\" class=\"project-author\">Zden\u011bk M\u00edkovec<\/a>\n                                                        <a href=\"https:\/\/dcgi.fel.cvut.cz\/en\/people\/malyi1\/\" class=\"project-author\">Ivo Mal\u00fd<\/a>\n                                                        <a href=\"https:\/\/dcgi.fel.cvut.cz\/en\/people\/bittner\/\" class=\"project-author\">Ji\u0159\u00ed Bittner<\/a>\n                                                <\/div>\n        <\/div>\n                  <div class=\"project-description\">VERITAS aims to develop, validate and assess tools for built-in accessibility support at all stages of ICT and non-ICT product development, including specification, design, development and testing. The&#8230;<\/div>\n                <\/div>\n  <\/div>\n<\/div>\n                                                                                                        <div class=\"project-teaser pb-4\">\n  <div class=\"row\">\n    <div class=\"col-sm-3\">\n              <a href=\"https:\/\/dcgi.fel.cvut.cz\/en\/research\/vhce\/\" class=\"d-block project-img-wrap\">\n          <img decoding=\"async\" src=\"https:\/\/dcgi.fel.cvut.cz\/wp-content\/wpallimport-dist\/research\/images\/research-vhce-teaser.png\" class=\"project-img\" loading=\"lazy\" alt=\"\">\n        <\/a>\n          <\/div>\n    <div class=\"col-sm-9 col-lg-7 mt-4 mt-md-0\">\n              <a href=\"https:\/\/dcgi.fel.cvut.cz\/en\/research\/vhce\/\">\n          <h3 class=\"project-title mb-2\">Virtual Heart of Central Europe (VHCE)<\/h3>\n        <\/a>\n                    <div class=\"project-authors-wrap my-3 py-2\">\n          <div>\n                                                                                          <a href=\"https:\/\/dcgi.fel.cvut.cz\/en\/people\/zara\/\" class=\"project-author\">Ji\u0159\u00ed \u017d\u00e1ra<\/a>\n                                                        <a href=\"https:\/\/dcgi.fel.cvut.cz\/en\/people\/berka\/\" class=\"project-author\">Roman Berka<\/a>\n                                                        <a href=\"https:\/\/dcgi.fel.cvut.cz\/en\/people\/slavik\/\" class=\"project-author\">Pavel Slav\u00edk<\/a>\n                                                <\/div>\n        <\/div>\n                  <div class=\"project-description\">The aim of this EU project was to digitally reconstruct selected significant objects of cultural heritage in four European cities Prague, Bratislava, Maribor and Graz and save them for the future in a&#8230;<\/div>\n                <\/div>\n  <\/div>\n<\/div>\n                                                                              <div class=\"project-teaser pb-4\">\n  <div class=\"row\">\n    <div class=\"col-sm-3\">\n              <a href=\"https:\/\/dcgi.fel.cvut.cz\/en\/research\/warderobe\/\" class=\"d-block project-img-wrap\">\n          <img decoding=\"async\" src=\"https:\/\/dcgi.fel.cvut.cz\/wp-content\/wpallimport-dist\/research\/images\/research-warderobe-teaser.png\" class=\"project-img\" loading=\"lazy\" alt=\"\">\n        <\/a>\n          <\/div>\n    <div class=\"col-sm-9 col-lg-7 mt-4 mt-md-0\">\n              <a href=\"https:\/\/dcgi.fel.cvut.cz\/en\/research\/warderobe\/\">\n          <h3 class=\"project-title mb-2\">Virtual Digital Wardrobe<\/h3>\n        <\/a>\n                    <div class=\"project-authors-wrap my-3 py-2\">\n          <div>\n                                                                                          <a href=\"https:\/\/dcgi.fel.cvut.cz\/en\/people\/zara\/\" class=\"project-author\">Ji\u0159\u00ed \u017d\u00e1ra<\/a>\n                                                        <a href=\"https:\/\/dcgi.fel.cvut.cz\/en\/people\/sedlad1\/\" class=\"project-author\">David Sedl\u00e1\u010dek<\/a>\n                                                        <a href=\"https:\/\/dcgi.fel.cvut.cz\/en\/people\/malyi1\/\" class=\"project-author\">Ivo Mal\u00fd<\/a>\n                                                <\/div>\n        <\/div>\n                  <div class=\"project-description\">The aim of the project is to propose a procedure for advanced digitization and presentation of textile objects and to verify this method using objects from the collection of the Prague City Museum. The&#8230;<\/div>\n                <\/div>\n  <\/div>\n<\/div>\n                                            <\/div>\n          <\/div>\n  <\/div>\n<\/div>\n","protected":false},"excerpt":{"rendered":"","protected":false},"author":1,"featured_media":0,"parent":0,"menu_order":0,"comment_status":"closed","ping_status":"closed","template":"","meta":{"_acf_changed":false,"footnotes":""},"class_list":["post-10583","page","type-page","status-publish","hentry"],"acf":[],"aioseo_notices":[],"_links":{"self":[{"href":"https:\/\/dcgi.fel.cvut.cz\/en\/wp-json\/wp\/v2\/pages\/10583"}],"collection":[{"href":"https:\/\/dcgi.fel.cvut.cz\/en\/wp-json\/wp\/v2\/pages"}],"about":[{"href":"https:\/\/dcgi.fel.cvut.cz\/en\/wp-json\/wp\/v2\/types\/page"}],"author":[{"embeddable":true,"href":"https:\/\/dcgi.fel.cvut.cz\/en\/wp-json\/wp\/v2\/users\/1"}],"replies":[{"embeddable":true,"href":"https:\/\/dcgi.fel.cvut.cz\/en\/wp-json\/wp\/v2\/comments?post=10583"}],"version-history":[{"count":0,"href":"https:\/\/dcgi.fel.cvut.cz\/en\/wp-json\/wp\/v2\/pages\/10583\/revisions"}],"wp:attachment":[{"href":"https:\/\/dcgi.fel.cvut.cz\/en\/wp-json\/wp\/v2\/media?parent=10583"}],"curies":[{"name":"wp","href":"https:\/\/api.w.org\/{rel}","templated":true}]}}